{"id":988085,"date":"2024-12-02T11:55:45","date_gmt":"2024-12-02T09:55:45","guid":{"rendered":"https:\/\/cooperative-edition.1001parcours.cci.fr\/?post_type=product&#038;p=988085"},"modified":"2026-03-27T16:43:46","modified_gmt":"2026-03-27T14:43:46","slug":"canva","status":"publish","type":"product","link":"https:\/\/1001parcours.cci.fr\/1001outils\/produit\/canva\/","title":{"rendered":"Canva"},"content":{"rendered":"<p>Outil de design graphique pour cr\u00e9er des supports p\u00e9dagogiques visuellement attractifs pour les apprenants.<\/p>\n<p>&nbsp;<\/p>\n<p>&nbsp;<\/p>\n<p>Par exemple, on peut produire des fiches de cours, r\u00e9sum\u00e9s, sch\u00e9mas, supports de pr\u00e9sentation, affiches et documents t\u00e9l\u00e9chargeables.<\/p>\n<p>La biblioth\u00e8que de templates professionnels et l&rsquo;interface intuitive permettent au formateur de produire rapidement des contenus de qualit\u00e9 sans comp\u00e9tence graphique avanc\u00e9e.<\/p>\n<p>Un exemple : https:\/\/www.canva.com\/design\/DAGg3zzvJEY\/yFKa8zTNoJV-K0-pCw_-0Q\/view?embed<\/p>\n","protected":false},"excerpt":{"rendered":"<p><strong>Tarifs \u00e9ducation :<\/strong><br \/>\n&#8211; Canva Pro : 109,99\u20ac\/ personne \/ an<br \/>\n&#8211; Canva en \u00e9quipe : 240\u20ac\/ an pour les 5 premi\u00e8res personnes<br \/>\n&#8211; Canva Education : Sur devis\u00a0\u00bb<\/p>\n<p>&nbsp;<\/p>\n<p>Portail d&rsquo;attribution de licences individuelles pour \u00e9quipe<br \/>\nCanva pro en licences indiv<\/p>\n","protected":false},"featured_media":988704,"comment_status":"closed","ping_status":"closed","template":"","meta":[],"product_brand":[],"product_cat":[352,357,315,317,316,318],"product_tag":[345,348,344,349],"class_list":{"0":"post-988085","1":"product","2":"type-product","3":"status-publish","4":"has-post-thumbnail","6":"product_cat-animer-mes-sessions-de-formation-synchrone","7":"product_cat-banques-de-photos","8":"product_cat-creer-du-contenu-produire","9":"product_cat-evaluer-mes-apprenants","10":"product_cat-realiser-des-videos","11":"product_cat-recueillir-lavis-de-mes-apprenants","12":"product_tag-asynchrone","13":"product_tag-supports-de-cours","14":"product_tag-synchrone","15":"product_tag-visuels","17":"first","18":"instock","19":"virtual","20":"purchasable","21":"product-type-simple"},"_links":{"self":[{"href":"https:\/\/1001parcours.cci.fr\/1001outils\/wp-json\/wp\/v2\/product\/988085","targetHints":{"allow":["GET"]}}],"collection":[{"href":"https:\/\/1001parcours.cci.fr\/1001outils\/wp-json\/wp\/v2\/product"}],"about":[{"href":"https:\/\/1001parcours.cci.fr\/1001outils\/wp-json\/wp\/v2\/types\/product"}],"replies":[{"embeddable":true,"href":"https:\/\/1001parcours.cci.fr\/1001outils\/wp-json\/wp\/v2\/comments?post=988085"}],"version-history":[{"count":7,"href":"https:\/\/1001parcours.cci.fr\/1001outils\/wp-json\/wp\/v2\/product\/988085\/revisions"}],"predecessor-version":[{"id":989641,"href":"https:\/\/1001parcours.cci.fr\/1001outils\/wp-json\/wp\/v2\/product\/988085\/revisions\/989641"}],"wp:featuredmedia":[{"embeddable":true,"href":"https:\/\/1001parcours.cci.fr\/1001outils\/wp-json\/wp\/v2\/media\/988704"}],"wp:attachment":[{"href":"https:\/\/1001parcours.cci.fr\/1001outils\/wp-json\/wp\/v2\/media?parent=988085"}],"wp:term":[{"taxonomy":"product_brand","embeddable":true,"href":"https:\/\/1001parcours.cci.fr\/1001outils\/wp-json\/wp\/v2\/product_brand?post=988085"},{"taxonomy":"product_cat","embeddable":true,"href":"https:\/\/1001parcours.cci.fr\/1001outils\/wp-json\/wp\/v2\/product_cat?post=988085"},{"taxonomy":"product_tag","embeddable":true,"href":"https:\/\/1001parcours.cci.fr\/1001outils\/wp-json\/wp\/v2\/product_tag?post=988085"}],"curies":[{"name":"wp","href":"https:\/\/api.w.org\/{rel}","templated":true}]}}