{"id":988198,"date":"2026-03-24T18:23:19","date_gmt":"2026-03-24T16:23:19","guid":{"rendered":"https:\/\/cooperative-edition.1001parcours.cci.fr\/?post_type=product&#038;p=988198"},"modified":"2026-03-31T17:15:25","modified_gmt":"2026-03-31T15:15:25","slug":"storyline","status":"publish","type":"product","link":"https:\/\/1001parcours.cci.fr\/1001outils\/produit\/storyline\/","title":{"rendered":"Storyline"},"content":{"rendered":"<p><span style=\"font-weight: 400\">Articulate Storyline est un outil auteur pour cr\u00e9er des modules e-learning interactifs et sc\u00e9naris\u00e9s. il n\u00e9cessite une formation pour son utilisation.\u00a0<\/span><\/p>\n<p><span style=\"font-weight: 400\">Con\u00e7u pour les formateurs et ing\u00e9nieurs p\u00e9dagogiques, il permet de construire des parcours de formation sur mesure, engageants et professionnels : quiz, simulations, branchements sc\u00e9naristiques, voix off, vid\u00e9os int\u00e9gr\u00e9es, etc. Storyline offre une grande libert\u00e9 de cr\u00e9ation tout en s&rsquo;inspirant des logiques de diaporama (type PowerPoint), ce qui facilite sa prise en main.<\/span><\/p>\n<p><span style=\"font-weight: 400\">Les modules r\u00e9alis\u00e9s sont exportables au format SCORM, compatibles avec la plupart des plateformes LMS, et accessibles en ligne ou hors ligne.<\/span><\/p>\n<p><span style=\"font-weight: 400\">C&rsquo;est un outil de r\u00e9f\u00e9rence pour concevoir des exp\u00e9riences d&rsquo;apprentissage immersives, adaptables aux besoins des apprenants.<\/span><\/p>\n","protected":false},"excerpt":{"rendered":"<p>Tarifs individuel :<br \/>\n&#8211; Classique : 1069,89\u20ac \/ an<br \/>\n&#8211; IA: 1292,96\u20ac \/ an<\/p>\n","protected":false},"featured_media":988702,"comment_status":"closed","ping_status":"closed","template":"","meta":[],"product_brand":[],"product_cat":[315],"product_tag":[345,342,347,341],"class_list":{"0":"post-988198","1":"product","2":"type-product","3":"status-publish","4":"has-post-thumbnail","6":"product_cat-creer-du-contenu-produire","7":"product_tag-asynchrone","8":"product_tag-evaluation","9":"product_tag-quiz","10":"product_tag-ressource-interactive","12":"first","13":"instock","14":"virtual","15":"purchasable","16":"product-type-simple"},"_links":{"self":[{"href":"https:\/\/1001parcours.cci.fr\/1001outils\/wp-json\/wp\/v2\/product\/988198","targetHints":{"allow":["GET"]}}],"collection":[{"href":"https:\/\/1001parcours.cci.fr\/1001outils\/wp-json\/wp\/v2\/product"}],"about":[{"href":"https:\/\/1001parcours.cci.fr\/1001outils\/wp-json\/wp\/v2\/types\/product"}],"replies":[{"embeddable":true,"href":"https:\/\/1001parcours.cci.fr\/1001outils\/wp-json\/wp\/v2\/comments?post=988198"}],"version-history":[{"count":5,"href":"https:\/\/1001parcours.cci.fr\/1001outils\/wp-json\/wp\/v2\/product\/988198\/revisions"}],"predecessor-version":[{"id":989626,"href":"https:\/\/1001parcours.cci.fr\/1001outils\/wp-json\/wp\/v2\/product\/988198\/revisions\/989626"}],"wp:featuredmedia":[{"embeddable":true,"href":"https:\/\/1001parcours.cci.fr\/1001outils\/wp-json\/wp\/v2\/media\/988702"}],"wp:attachment":[{"href":"https:\/\/1001parcours.cci.fr\/1001outils\/wp-json\/wp\/v2\/media?parent=988198"}],"wp:term":[{"taxonomy":"product_brand","embeddable":true,"href":"https:\/\/1001parcours.cci.fr\/1001outils\/wp-json\/wp\/v2\/product_brand?post=988198"},{"taxonomy":"product_cat","embeddable":true,"href":"https:\/\/1001parcours.cci.fr\/1001outils\/wp-json\/wp\/v2\/product_cat?post=988198"},{"taxonomy":"product_tag","embeddable":true,"href":"https:\/\/1001parcours.cci.fr\/1001outils\/wp-json\/wp\/v2\/product_tag?post=988198"}],"curies":[{"name":"wp","href":"https:\/\/api.w.org\/{rel}","templated":true}]}}