{"id":989643,"date":"2026-03-24T18:23:19","date_gmt":"2026-03-24T16:23:19","guid":{"rendered":"https:\/\/1001parcours.cci.fr\/1001outils\/?post_type=product&#038;p=989643"},"modified":"2026-03-31T16:48:23","modified_gmt":"2026-03-31T14:48:23","slug":"framapad","status":"publish","type":"product","link":"https:\/\/1001parcours.cci.fr\/1001outils\/produit\/framapad\/","title":{"rendered":"Framapad"},"content":{"rendered":"<p>Editeur de texte collaboratif en ligne.<\/p>\n<p>Il permet \u00e0 plusieurs personnes de r\u00e9diger et modifier simultan\u00e9ment un document, chaque contributeur \u00e9tant identifi\u00e9 par une couleur. Le formateur peut l&rsquo;utiliser pour co-r\u00e9diger des ressources, collecter des productions collectives ou animer des ateliers d&rsquo;\u00e9criture collaborative<\/p>\n","protected":false},"excerpt":{"rendered":"<p>Editeur de texte collaboratif en ligne.<\/p>\n","protected":false},"featured_media":989686,"comment_status":"closed","ping_status":"closed","template":"","meta":[],"product_brand":[],"product_cat":[315],"product_tag":[345,348,344,351],"class_list":{"0":"post-989643","1":"product","2":"type-product","3":"status-publish","4":"has-post-thumbnail","6":"product_cat-creer-du-contenu-produire","7":"product_tag-asynchrone","8":"product_tag-supports-de-cours","9":"product_tag-synchrone","10":"product_tag-veille","12":"first","13":"instock","14":"virtual","15":"product-type-simple"},"_links":{"self":[{"href":"https:\/\/1001parcours.cci.fr\/1001outils\/wp-json\/wp\/v2\/product\/989643","targetHints":{"allow":["GET"]}}],"collection":[{"href":"https:\/\/1001parcours.cci.fr\/1001outils\/wp-json\/wp\/v2\/product"}],"about":[{"href":"https:\/\/1001parcours.cci.fr\/1001outils\/wp-json\/wp\/v2\/types\/product"}],"replies":[{"embeddable":true,"href":"https:\/\/1001parcours.cci.fr\/1001outils\/wp-json\/wp\/v2\/comments?post=989643"}],"version-history":[{"count":4,"href":"https:\/\/1001parcours.cci.fr\/1001outils\/wp-json\/wp\/v2\/product\/989643\/revisions"}],"predecessor-version":[{"id":989647,"href":"https:\/\/1001parcours.cci.fr\/1001outils\/wp-json\/wp\/v2\/product\/989643\/revisions\/989647"}],"wp:featuredmedia":[{"embeddable":true,"href":"https:\/\/1001parcours.cci.fr\/1001outils\/wp-json\/wp\/v2\/media\/989686"}],"wp:attachment":[{"href":"https:\/\/1001parcours.cci.fr\/1001outils\/wp-json\/wp\/v2\/media?parent=989643"}],"wp:term":[{"taxonomy":"product_brand","embeddable":true,"href":"https:\/\/1001parcours.cci.fr\/1001outils\/wp-json\/wp\/v2\/product_brand?post=989643"},{"taxonomy":"product_cat","embeddable":true,"href":"https:\/\/1001parcours.cci.fr\/1001outils\/wp-json\/wp\/v2\/product_cat?post=989643"},{"taxonomy":"product_tag","embeddable":true,"href":"https:\/\/1001parcours.cci.fr\/1001outils\/wp-json\/wp\/v2\/product_tag?post=989643"}],"curies":[{"name":"wp","href":"https:\/\/api.w.org\/{rel}","templated":true}]}}