{"id":989648,"date":"2026-03-24T18:23:19","date_gmt":"2026-03-24T16:23:19","guid":{"rendered":"https:\/\/1001parcours.cci.fr\/1001outils\/?post_type=product&#038;p=989648"},"modified":"2026-04-07T16:22:06","modified_gmt":"2026-04-07T14:22:06","slug":"framindmap","status":"publish","type":"product","link":"https:\/\/1001parcours.cci.fr\/1001outils\/produit\/framindmap\/","title":{"rendered":"Framindmap"},"content":{"rendered":"<p>Outil libre et gratuit de cr\u00e9ation de cartes mentales (mind maps).<\/p>\n<p>Le formateur peut l&rsquo;utiliser pour <strong>structurer un cours<\/strong>, organiser un <strong>brainstorming collectif<\/strong> ou aider les apprenants \u00e0 <strong>visualiser des concepts<\/strong> <strong>complexes<\/strong>. Les cartes peuvent \u00eatre partag\u00e9es et co-construites en ligne, facilitant le travail collaboratif \u00e0 distance.<\/p>\n","protected":false},"excerpt":{"rendered":"<p>Outil libre et gratuit de <strong>cr\u00e9ation de cartes mentales<\/strong> (mind maps).<\/p>\n","protected":false},"featured_media":989682,"comment_status":"closed","ping_status":"closed","template":"","meta":[],"product_brand":[],"product_cat":[315],"product_tag":[345,348,344,351],"class_list":{"0":"post-989648","1":"product","2":"type-product","3":"status-publish","4":"has-post-thumbnail","6":"product_cat-creer-du-contenu-produire","7":"product_tag-asynchrone","8":"product_tag-supports-de-cours","9":"product_tag-synchrone","10":"product_tag-veille","12":"first","13":"instock","14":"virtual","15":"product-type-simple"},"_links":{"self":[{"href":"https:\/\/1001parcours.cci.fr\/1001outils\/wp-json\/wp\/v2\/product\/989648","targetHints":{"allow":["GET"]}}],"collection":[{"href":"https:\/\/1001parcours.cci.fr\/1001outils\/wp-json\/wp\/v2\/product"}],"about":[{"href":"https:\/\/1001parcours.cci.fr\/1001outils\/wp-json\/wp\/v2\/types\/product"}],"replies":[{"embeddable":true,"href":"https:\/\/1001parcours.cci.fr\/1001outils\/wp-json\/wp\/v2\/comments?post=989648"}],"version-history":[{"count":1,"href":"https:\/\/1001parcours.cci.fr\/1001outils\/wp-json\/wp\/v2\/product\/989648\/revisions"}],"predecessor-version":[{"id":989649,"href":"https:\/\/1001parcours.cci.fr\/1001outils\/wp-json\/wp\/v2\/product\/989648\/revisions\/989649"}],"wp:featuredmedia":[{"embeddable":true,"href":"https:\/\/1001parcours.cci.fr\/1001outils\/wp-json\/wp\/v2\/media\/989682"}],"wp:attachment":[{"href":"https:\/\/1001parcours.cci.fr\/1001outils\/wp-json\/wp\/v2\/media?parent=989648"}],"wp:term":[{"taxonomy":"product_brand","embeddable":true,"href":"https:\/\/1001parcours.cci.fr\/1001outils\/wp-json\/wp\/v2\/product_brand?post=989648"},{"taxonomy":"product_cat","embeddable":true,"href":"https:\/\/1001parcours.cci.fr\/1001outils\/wp-json\/wp\/v2\/product_cat?post=989648"},{"taxonomy":"product_tag","embeddable":true,"href":"https:\/\/1001parcours.cci.fr\/1001outils\/wp-json\/wp\/v2\/product_tag?post=989648"}],"curies":[{"name":"wp","href":"https:\/\/api.w.org\/{rel}","templated":true}]}}