{"id":989650,"date":"2026-03-24T18:23:19","date_gmt":"2026-03-24T16:23:19","guid":{"rendered":"https:\/\/1001parcours.cci.fr\/1001outils\/?post_type=product&#038;p=989650"},"modified":"2026-03-24T18:23:19","modified_gmt":"2026-03-24T16:23:19","slug":"framacarte","status":"publish","type":"product","link":"https:\/\/1001parcours.cci.fr\/1001outils\/produit\/framacarte\/","title":{"rendered":"Framacarte"},"content":{"rendered":"<p>Outil libre et gratuit, bas\u00e9 sur OpenStreetMap, permettant de cr\u00e9er des cartes g\u00e9ographiques annot\u00e9es et personnalis\u00e9es.<\/p>\n<p>Le formateur peut y dessiner des zones, placer des marqueurs, ajouter des commentaires et partager la carte. Id\u00e9al pour les formations abordant des th\u00e9matiques g\u00e9ographiques, territoriales ou li\u00e9es \u00e0 l&rsquo;implantation d&rsquo;entreprises.<\/p>\n<p>Cet outil permet de cr\u00e9er des zones de chalandise, des cartes g\u00e9opolitiques, des mouvements de marchandises&#8230;.<\/p>\n","protected":false},"excerpt":{"rendered":"<p>Outil libre et gratuit, bas\u00e9 sur OpenStreetMap permettant de cr\u00e9er des cartes g\u00e9ographiques annot\u00e9es et personnalis\u00e9es.<\/p>\n","protected":false},"featured_media":989682,"comment_status":"closed","ping_status":"closed","template":"","meta":[],"product_brand":[],"product_cat":[315],"product_tag":[345,348,344],"class_list":{"0":"post-989650","1":"product","2":"type-product","3":"status-publish","4":"has-post-thumbnail","6":"product_cat-creer-du-contenu-produire","7":"product_tag-asynchrone","8":"product_tag-supports-de-cours","9":"product_tag-synchrone","11":"first","12":"instock","13":"virtual","14":"product-type-simple"},"_links":{"self":[{"href":"https:\/\/1001parcours.cci.fr\/1001outils\/wp-json\/wp\/v2\/product\/989650","targetHints":{"allow":["GET"]}}],"collection":[{"href":"https:\/\/1001parcours.cci.fr\/1001outils\/wp-json\/wp\/v2\/product"}],"about":[{"href":"https:\/\/1001parcours.cci.fr\/1001outils\/wp-json\/wp\/v2\/types\/product"}],"replies":[{"embeddable":true,"href":"https:\/\/1001parcours.cci.fr\/1001outils\/wp-json\/wp\/v2\/comments?post=989650"}],"version-history":[{"count":2,"href":"https:\/\/1001parcours.cci.fr\/1001outils\/wp-json\/wp\/v2\/product\/989650\/revisions"}],"predecessor-version":[{"id":989658,"href":"https:\/\/1001parcours.cci.fr\/1001outils\/wp-json\/wp\/v2\/product\/989650\/revisions\/989658"}],"wp:featuredmedia":[{"embeddable":true,"href":"https:\/\/1001parcours.cci.fr\/1001outils\/wp-json\/wp\/v2\/media\/989682"}],"wp:attachment":[{"href":"https:\/\/1001parcours.cci.fr\/1001outils\/wp-json\/wp\/v2\/media?parent=989650"}],"wp:term":[{"taxonomy":"product_brand","embeddable":true,"href":"https:\/\/1001parcours.cci.fr\/1001outils\/wp-json\/wp\/v2\/product_brand?post=989650"},{"taxonomy":"product_cat","embeddable":true,"href":"https:\/\/1001parcours.cci.fr\/1001outils\/wp-json\/wp\/v2\/product_cat?post=989650"},{"taxonomy":"product_tag","embeddable":true,"href":"https:\/\/1001parcours.cci.fr\/1001outils\/wp-json\/wp\/v2\/product_tag?post=989650"}],"curies":[{"name":"wp","href":"https:\/\/api.w.org\/{rel}","templated":true}]}}