{"id":989663,"date":"2026-03-24T18:23:19","date_gmt":"2026-03-24T16:23:19","guid":{"rendered":"https:\/\/1001parcours.cci.fr\/1001outils\/?post_type=product&#038;p=989663"},"modified":"2026-03-24T18:23:19","modified_gmt":"2026-03-24T16:23:19","slug":"shortcut","status":"publish","type":"product","link":"https:\/\/1001parcours.cci.fr\/1001outils\/produit\/shortcut\/","title":{"rendered":"Davinci Resolve"},"content":{"rendered":"<p>DaVinci Resolve est la seule solution qui associe le montage, l\u2019\u00e9talonnage, les effets visuels, les animations graphiques et la post-production audio dans un seul logiciel. Nous vous proposons la version gratuite<\/p>\n<p>&nbsp;<\/p>\n<p>Le formateur peut l&rsquo;utiliser pour monter des capsules vid\u00e9o p\u00e9dagogiques, ajouter des sous-titres, ins\u00e9rer de la musique de fond ou des transitions. Son interface claire le rend accessible aux d\u00e9butants, tout en offrant des fonctionnalit\u00e9s avanc\u00e9es pour un rendu professionnel.<\/p>\n<p>&nbsp;<\/p>\n<p>https:\/\/filmora.wondershare.net\/fr\/logiciel-montage-video\/ad-filmora.html?gad_source=1&#038;gad_campaignid=15093160028&#038;gbraid=0AAAAADqc_obrI89tb1gXucpoix8kEEBbm&#038;gclid=CjwKCAjwyYPOBhBxEiwAgpT8P_EGomEp8kp1k3xi2FiMXJia6OxDU0-iqVwbMjhNuLfGJGX-iHUarxoCR9YQAvD_BwE<\/p>\n","protected":false},"excerpt":{"rendered":"<p>DaVinci Resolve est la seule solution qui associe le montage, l\u2019\u00e9talonnage, les effets visuels, les animations graphiques et la post-production audio dans un seul logiciel. Nous vous proposons la version gratuite &nbsp; Le formateur peut l&rsquo;utiliser pour monter des capsules vid\u00e9o p\u00e9dagogiques, ajouter des sous-titres, ins\u00e9rer de la musique de fond ou des transitions. Son [&hellip;]<\/p>\n","protected":false},"featured_media":989685,"comment_status":"closed","ping_status":"closed","template":"","meta":[],"product_brand":[],"product_cat":[316],"product_tag":[345,348,344],"class_list":{"0":"post-989663","1":"product","2":"type-product","3":"status-publish","4":"has-post-thumbnail","6":"product_cat-realiser-des-videos","7":"product_tag-asynchrone","8":"product_tag-supports-de-cours","9":"product_tag-synchrone","11":"first","12":"instock","13":"virtual","14":"product-type-simple"},"_links":{"self":[{"href":"https:\/\/1001parcours.cci.fr\/1001outils\/wp-json\/wp\/v2\/product\/989663","targetHints":{"allow":["GET"]}}],"collection":[{"href":"https:\/\/1001parcours.cci.fr\/1001outils\/wp-json\/wp\/v2\/product"}],"about":[{"href":"https:\/\/1001parcours.cci.fr\/1001outils\/wp-json\/wp\/v2\/types\/product"}],"replies":[{"embeddable":true,"href":"https:\/\/1001parcours.cci.fr\/1001outils\/wp-json\/wp\/v2\/comments?post=989663"}],"version-history":[{"count":3,"href":"https:\/\/1001parcours.cci.fr\/1001outils\/wp-json\/wp\/v2\/product\/989663\/revisions"}],"predecessor-version":[{"id":989666,"href":"https:\/\/1001parcours.cci.fr\/1001outils\/wp-json\/wp\/v2\/product\/989663\/revisions\/989666"}],"wp:featuredmedia":[{"embeddable":true,"href":"https:\/\/1001parcours.cci.fr\/1001outils\/wp-json\/wp\/v2\/media\/989685"}],"wp:attachment":[{"href":"https:\/\/1001parcours.cci.fr\/1001outils\/wp-json\/wp\/v2\/media?parent=989663"}],"wp:term":[{"taxonomy":"product_brand","embeddable":true,"href":"https:\/\/1001parcours.cci.fr\/1001outils\/wp-json\/wp\/v2\/product_brand?post=989663"},{"taxonomy":"product_cat","embeddable":true,"href":"https:\/\/1001parcours.cci.fr\/1001outils\/wp-json\/wp\/v2\/product_cat?post=989663"},{"taxonomy":"product_tag","embeddable":true,"href":"https:\/\/1001parcours.cci.fr\/1001outils\/wp-json\/wp\/v2\/product_tag?post=989663"}],"curies":[{"name":"wp","href":"https:\/\/api.w.org\/{rel}","templated":true}]}}