{"id":989667,"date":"2026-03-24T18:23:18","date_gmt":"2026-03-24T16:23:18","guid":{"rendered":"https:\/\/1001parcours.cci.fr\/1001outils\/?post_type=product&#038;p=989667"},"modified":"2026-03-31T16:49:38","modified_gmt":"2026-03-31T14:49:38","slug":"formaforms","status":"publish","type":"product","link":"https:\/\/1001parcours.cci.fr\/1001outils\/produit\/formaforms\/","title":{"rendered":"Formaforms"},"content":{"rendered":"<p>Formaforms est un outil gratuit et sp\u00e9cialis\u00e9 dans la cr\u00e9ation de formulaires d&rsquo;\u00e9valuation \u00e0 chaud et \u00e0 froid pour les formateurs.<\/p>\n<p>&nbsp;<\/p>\n<p>Il permet de recueillir les retours des apprenants sur la qualit\u00e9 de la formation, leur niveau de satisfaction et leur perception des apprentissages r\u00e9alis\u00e9s. Les r\u00e9sultats sont compil\u00e9s automatiquement pour faciliter l&rsquo;analyse et le reporting qualit\u00e9.<\/p>\n","protected":false},"excerpt":{"rendered":"<p>Formaforms est un outil gratuit et sp\u00e9cialis\u00e9 dans la cr\u00e9ation de formulaires d&rsquo;\u00e9valuation \u00e0 chaud et \u00e0 froid pour les formateurs. &nbsp; Il permet de recueillir les retours des apprenants sur la qualit\u00e9 de la formation, leur niveau de satisfaction et leur perception des apprentissages r\u00e9alis\u00e9s. Les r\u00e9sultats sont compil\u00e9s automatiquement pour faciliter l&rsquo;analyse et [&hellip;]<\/p>\n","protected":false},"featured_media":989684,"comment_status":"closed","ping_status":"closed","template":"","meta":[],"product_brand":[],"product_cat":[317,318],"product_tag":[345,342,344],"class_list":{"0":"post-989667","1":"product","2":"type-product","3":"status-publish","4":"has-post-thumbnail","6":"product_cat-evaluer-mes-apprenants","7":"product_cat-recueillir-lavis-de-mes-apprenants","8":"product_tag-asynchrone","9":"product_tag-evaluation","10":"product_tag-synchrone","12":"first","13":"instock","14":"virtual","15":"product-type-simple"},"_links":{"self":[{"href":"https:\/\/1001parcours.cci.fr\/1001outils\/wp-json\/wp\/v2\/product\/989667","targetHints":{"allow":["GET"]}}],"collection":[{"href":"https:\/\/1001parcours.cci.fr\/1001outils\/wp-json\/wp\/v2\/product"}],"about":[{"href":"https:\/\/1001parcours.cci.fr\/1001outils\/wp-json\/wp\/v2\/types\/product"}],"replies":[{"embeddable":true,"href":"https:\/\/1001parcours.cci.fr\/1001outils\/wp-json\/wp\/v2\/comments?post=989667"}],"version-history":[{"count":1,"href":"https:\/\/1001parcours.cci.fr\/1001outils\/wp-json\/wp\/v2\/product\/989667\/revisions"}],"predecessor-version":[{"id":989668,"href":"https:\/\/1001parcours.cci.fr\/1001outils\/wp-json\/wp\/v2\/product\/989667\/revisions\/989668"}],"wp:featuredmedia":[{"embeddable":true,"href":"https:\/\/1001parcours.cci.fr\/1001outils\/wp-json\/wp\/v2\/media\/989684"}],"wp:attachment":[{"href":"https:\/\/1001parcours.cci.fr\/1001outils\/wp-json\/wp\/v2\/media?parent=989667"}],"wp:term":[{"taxonomy":"product_brand","embeddable":true,"href":"https:\/\/1001parcours.cci.fr\/1001outils\/wp-json\/wp\/v2\/product_brand?post=989667"},{"taxonomy":"product_cat","embeddable":true,"href":"https:\/\/1001parcours.cci.fr\/1001outils\/wp-json\/wp\/v2\/product_cat?post=989667"},{"taxonomy":"product_tag","embeddable":true,"href":"https:\/\/1001parcours.cci.fr\/1001outils\/wp-json\/wp\/v2\/product_tag?post=989667"}],"curies":[{"name":"wp","href":"https:\/\/api.w.org\/{rel}","templated":true}]}}