{"id":989670,"date":"2026-03-24T18:23:18","date_gmt":"2026-03-24T16:23:18","guid":{"rendered":"https:\/\/1001parcours.cci.fr\/1001outils\/?post_type=product&#038;p=989670"},"modified":"2026-03-27T16:52:15","modified_gmt":"2026-03-27T14:52:15","slug":"unsplash","status":"publish","type":"product","link":"https:\/\/1001parcours.cci.fr\/1001outils\/produit\/unsplash\/","title":{"rendered":"Unsplash"},"content":{"rendered":"<p>Unsplash est une banque de photographies professionnelles en haute r\u00e9solution, gratuite et libre de droits. Le formateur peut y trouver des photos de qualit\u00e9 pour illustrer ses supports p\u00e9dagogiques, ses pr\u00e9sentations ou ses communications. La recherche par mots-cl\u00e9s permet de trouver rapidement des visuels adapt\u00e9s \u00e0 tous les th\u00e8mes de formation. <strong>Attention \u00e0 bien citer les auteurs !<\/strong><\/p>\n","protected":false},"excerpt":{"rendered":"<p>Unsplash est une banque de photographies professionnelles en haute r\u00e9solution, gratuite et libre de droits. Le formateur peut y trouver des photos de qualit\u00e9 pour illustrer ses supports p\u00e9dagogiques, ses pr\u00e9sentations ou ses communications. La recherche par mots-cl\u00e9s permet de trouver rapidement des visuels adapt\u00e9s \u00e0 tous les th\u00e8mes de formation. Attention \u00e0 bien citer [&hellip;]<\/p>\n","protected":false},"featured_media":989683,"comment_status":"closed","ping_status":"closed","template":"","meta":[],"product_brand":[],"product_cat":[357],"product_tag":[345,348,344],"class_list":{"0":"post-989670","1":"product","2":"type-product","3":"status-publish","4":"has-post-thumbnail","6":"product_cat-banques-de-photos","7":"product_tag-asynchrone","8":"product_tag-supports-de-cours","9":"product_tag-synchrone","11":"first","12":"instock","13":"virtual","14":"purchasable","15":"product-type-simple"},"_links":{"self":[{"href":"https:\/\/1001parcours.cci.fr\/1001outils\/wp-json\/wp\/v2\/product\/989670","targetHints":{"allow":["GET"]}}],"collection":[{"href":"https:\/\/1001parcours.cci.fr\/1001outils\/wp-json\/wp\/v2\/product"}],"about":[{"href":"https:\/\/1001parcours.cci.fr\/1001outils\/wp-json\/wp\/v2\/types\/product"}],"replies":[{"embeddable":true,"href":"https:\/\/1001parcours.cci.fr\/1001outils\/wp-json\/wp\/v2\/comments?post=989670"}],"version-history":[{"count":1,"href":"https:\/\/1001parcours.cci.fr\/1001outils\/wp-json\/wp\/v2\/product\/989670\/revisions"}],"predecessor-version":[{"id":989671,"href":"https:\/\/1001parcours.cci.fr\/1001outils\/wp-json\/wp\/v2\/product\/989670\/revisions\/989671"}],"wp:featuredmedia":[{"embeddable":true,"href":"https:\/\/1001parcours.cci.fr\/1001outils\/wp-json\/wp\/v2\/media\/989683"}],"wp:attachment":[{"href":"https:\/\/1001parcours.cci.fr\/1001outils\/wp-json\/wp\/v2\/media?parent=989670"}],"wp:term":[{"taxonomy":"product_brand","embeddable":true,"href":"https:\/\/1001parcours.cci.fr\/1001outils\/wp-json\/wp\/v2\/product_brand?post=989670"},{"taxonomy":"product_cat","embeddable":true,"href":"https:\/\/1001parcours.cci.fr\/1001outils\/wp-json\/wp\/v2\/product_cat?post=989670"},{"taxonomy":"product_tag","embeddable":true,"href":"https:\/\/1001parcours.cci.fr\/1001outils\/wp-json\/wp\/v2\/product_tag?post=989670"}],"curies":[{"name":"wp","href":"https:\/\/api.w.org\/{rel}","templated":true}]}}