{"id":2806,"date":"2024-11-08T15:00:53","date_gmt":"2024-11-08T14:00:53","guid":{"rendered":"https:\/\/sitedaube.1001parcours.cci-test.fr\/?page_id=2729"},"modified":"2026-03-19T15:53:41","modified_gmt":"2026-03-19T14:53:41","slug":"mentions-legales","status":"publish","type":"page","link":"https:\/\/1001parcours.cci.fr\/fr\/mentions-legales\/","title":{"rendered":"Mentions l\u00e9gales"},"content":{"rendered":"<div class=\"fusion-fullwidth fullwidth-box fusion-builder-row-1 fusion-flex-container nonhundred-percent-fullwidth non-hundred-percent-height-scrolling\" style=\"--awb-border-radius-top-left:0px;--awb-border-radius-top-right:0px;--awb-border-radius-bottom-right:0px;--awb-border-radius-bottom-left:0px;--awb-flex-wrap:wrap;\" ><div class=\"fusion-builder-row fusion-row fusion-flex-align-items-flex-start fusion-flex-content-wrap\" style=\"max-width:1497.6px;margin-left: calc(-4% \/ 2 );margin-right: calc(-4% \/ 2 );\"><div class=\"fusion-layout-column fusion_builder_column fusion-builder-column-0 fusion_builder_column_1_1 1_1 fusion-flex-column\" style=\"--awb-bg-size:cover;--awb-width-large:100%;--awb-margin-top-large:0px;--awb-spacing-right-large:1.92%;--awb-margin-bottom-large:0px;--awb-spacing-left-large:1.92%;--awb-width-medium:100%;--awb-spacing-right-medium:1.92%;--awb-spacing-left-medium:1.92%;--awb-width-small:100%;--awb-spacing-right-small:1.92%;--awb-spacing-left-small:1.92%;\"><div class=\"fusion-column-wrapper fusion-flex-justify-content-flex-start fusion-content-layout-column\"><div class=\"fusion-text fusion-text-1\"><h1>Mentions l\u00e9gales<\/h1>\n<p>1001parcours.cci.fr est le site de 1001 Parcours, projet de transformation initi\u00e9 et pilot\u00e9 par CCI France accompagn\u00e9e de 28 partenaires, \u00e0 destination de l&rsquo;ensemble des organismes et des acteurs de la formation du r\u00e9seau. Un projet cofinanc\u00e9 par France 2030 dans le cadre de l&rsquo;appel \u00e0 projet Comp\u00e9tences et M\u00e9tiers d&rsquo;Avenir<\/p>\n<p><strong>Editeur<\/strong><\/p>\n<p>Ce site est \u00e9dit\u00e9 par CCI France, \u00e9tablissement public Administratif de l&rsquo;Etat, sise au 8 Rue Pierre Brossolette, 92300 Levallois Perret.<\/p>\n<p>Directeur de la publication : Val\u00e9rie CATRAIN<\/p>\n<p>Directeur de la r\u00e9daction : Val\u00e9rie CATRAIN<\/p>\n<p>Webmaster\/ designer : LucasNB &#8211; <a href=\"https:\/\/www.lucasnb.com\/\" target=\"_blank\" rel=\"noopener\">www.lucasnb.com<\/a><\/p>\n<p><strong>H\u00e9bergement<\/strong><\/p>\n<p>Ce site est h\u00e9berg\u00e9 par OVH SAS<\/p>\n<p>2 rue Kellermann &#8211; 59100 Roubaix &#8211; France<\/p>\n<p>Pour toute remarque, question ou suggestion : 1001parcours@ccifrance.fr<\/p>\n<\/div><\/div><\/div><\/div><\/div>\n","protected":false},"excerpt":{"rendered":"","protected":false},"author":9,"featured_media":0,"parent":0,"menu_order":0,"comment_status":"closed","ping_status":"closed","template":"","meta":{"footnotes":""},"categories":[],"tags":[],"class_list":["post-2806","page","type-page","status-publish","hentry"],"yoast_head":"<!-- This site is optimized with the Yoast SEO plugin v27.4 - https:\/\/yoast.com\/product\/yoast-seo-wordpress\/ -->\n<title>Mentions l\u00e9gales - 1001 Parcours<\/title>\n<meta name=\"robots\" content=\"index, follow, max-snippet:-1, max-image-preview:large, max-video-preview:-1\" \/>\n<link rel=\"canonical\" href=\"https:\/\/1001parcours.cci.fr\/fr\/mentions-legales\/\" \/>\n<meta property=\"og:locale\" content=\"fr_FR\" \/>\n<meta property=\"og:type\" content=\"article\" \/>\n<meta property=\"og:title\" content=\"Mentions l\u00e9gales - 1001 Parcours\" \/>\n<meta property=\"og:url\" content=\"https:\/\/1001parcours.cci.fr\/fr\/mentions-legales\/\" \/>\n<meta property=\"og:site_name\" content=\"1001 Parcours\" \/>\n<meta property=\"article:modified_time\" content=\"2026-03-19T14:53:41+00:00\" \/>\n<meta name=\"twitter:card\" content=\"summary_large_image\" \/>\n<meta name=\"twitter:label1\" content=\"Dur\u00e9e de lecture estim\u00e9e\" \/>\n\t<meta name=\"twitter:data1\" content=\"1 minute\" \/>\n<script type=\"application\/ld+json\" class=\"yoast-schema-graph\">{\"@context\":\"https:\\\/\\\/schema.org\",\"@graph\":[{\"@type\":\"WebPage\",\"@id\":\"https:\\\/\\\/1001parcours.cci.fr\\\/fr\\\/mentions-legales\\\/\",\"url\":\"https:\\\/\\\/1001parcours.cci.fr\\\/fr\\\/mentions-legales\\\/\",\"name\":\"Mentions l\u00e9gales - 1001 Parcours\",\"isPartOf\":{\"@id\":\"https:\\\/\\\/1001parcours.cci.fr\\\/fr\\\/#website\"},\"datePublished\":\"2024-11-08T14:00:53+00:00\",\"dateModified\":\"2026-03-19T14:53:41+00:00\",\"breadcrumb\":{\"@id\":\"https:\\\/\\\/1001parcours.cci.fr\\\/fr\\\/mentions-legales\\\/#breadcrumb\"},\"inLanguage\":\"fr-FR\",\"potentialAction\":[{\"@type\":\"ReadAction\",\"target\":[\"https:\\\/\\\/1001parcours.cci.fr\\\/fr\\\/mentions-legales\\\/\"]}]},{\"@type\":\"BreadcrumbList\",\"@id\":\"https:\\\/\\\/1001parcours.cci.fr\\\/fr\\\/mentions-legales\\\/#breadcrumb\",\"itemListElement\":[{\"@type\":\"ListItem\",\"position\":1,\"name\":\"Accueil\",\"item\":\"https:\\\/\\\/1001parcours.cci.fr\\\/fr\\\/\"},{\"@type\":\"ListItem\",\"position\":2,\"name\":\"Mentions l\u00e9gales\"}]},{\"@type\":\"WebSite\",\"@id\":\"https:\\\/\\\/1001parcours.cci.fr\\\/fr\\\/#website\",\"url\":\"https:\\\/\\\/1001parcours.cci.fr\\\/fr\\\/\",\"name\":\"1001 Parcours\",\"description\":\"Entrer dans le monde de la formation de demain\",\"potentialAction\":[{\"@type\":\"SearchAction\",\"target\":{\"@type\":\"EntryPoint\",\"urlTemplate\":\"https:\\\/\\\/1001parcours.cci.fr\\\/fr\\\/?s={search_term_string}\"},\"query-input\":{\"@type\":\"PropertyValueSpecification\",\"valueRequired\":true,\"valueName\":\"search_term_string\"}}],\"inLanguage\":\"fr-FR\"}]}<\/script>\n<!-- \/ Yoast SEO plugin. -->","yoast_head_json":{"title":"Mentions l\u00e9gales - 1001 Parcours","robots":{"index":"index","follow":"follow","max-snippet":"max-snippet:-1","max-image-preview":"max-image-preview:large","max-video-preview":"max-video-preview:-1"},"canonical":"https:\/\/1001parcours.cci.fr\/fr\/mentions-legales\/","og_locale":"fr_FR","og_type":"article","og_title":"Mentions l\u00e9gales - 1001 Parcours","og_url":"https:\/\/1001parcours.cci.fr\/fr\/mentions-legales\/","og_site_name":"1001 Parcours","article_modified_time":"2026-03-19T14:53:41+00:00","twitter_card":"summary_large_image","twitter_misc":{"Dur\u00e9e de lecture estim\u00e9e":"1 minute"},"schema":{"@context":"https:\/\/schema.org","@graph":[{"@type":"WebPage","@id":"https:\/\/1001parcours.cci.fr\/fr\/mentions-legales\/","url":"https:\/\/1001parcours.cci.fr\/fr\/mentions-legales\/","name":"Mentions l\u00e9gales - 1001 Parcours","isPartOf":{"@id":"https:\/\/1001parcours.cci.fr\/fr\/#website"},"datePublished":"2024-11-08T14:00:53+00:00","dateModified":"2026-03-19T14:53:41+00:00","breadcrumb":{"@id":"https:\/\/1001parcours.cci.fr\/fr\/mentions-legales\/#breadcrumb"},"inLanguage":"fr-FR","potentialAction":[{"@type":"ReadAction","target":["https:\/\/1001parcours.cci.fr\/fr\/mentions-legales\/"]}]},{"@type":"BreadcrumbList","@id":"https:\/\/1001parcours.cci.fr\/fr\/mentions-legales\/#breadcrumb","itemListElement":[{"@type":"ListItem","position":1,"name":"Accueil","item":"https:\/\/1001parcours.cci.fr\/fr\/"},{"@type":"ListItem","position":2,"name":"Mentions l\u00e9gales"}]},{"@type":"WebSite","@id":"https:\/\/1001parcours.cci.fr\/fr\/#website","url":"https:\/\/1001parcours.cci.fr\/fr\/","name":"1001 Parcours","description":"Entrer dans le monde de la formation de demain","potentialAction":[{"@type":"SearchAction","target":{"@type":"EntryPoint","urlTemplate":"https:\/\/1001parcours.cci.fr\/fr\/?s={search_term_string}"},"query-input":{"@type":"PropertyValueSpecification","valueRequired":true,"valueName":"search_term_string"}}],"inLanguage":"fr-FR"}]}},"_links":{"self":[{"href":"https:\/\/1001parcours.cci.fr\/fr\/wp-json\/wp\/v2\/pages\/2806","targetHints":{"allow":["GET"]}}],"collection":[{"href":"https:\/\/1001parcours.cci.fr\/fr\/wp-json\/wp\/v2\/pages"}],"about":[{"href":"https:\/\/1001parcours.cci.fr\/fr\/wp-json\/wp\/v2\/types\/page"}],"author":[{"embeddable":true,"href":"https:\/\/1001parcours.cci.fr\/fr\/wp-json\/wp\/v2\/users\/9"}],"replies":[{"embeddable":true,"href":"https:\/\/1001parcours.cci.fr\/fr\/wp-json\/wp\/v2\/comments?post=2806"}],"version-history":[{"count":8,"href":"https:\/\/1001parcours.cci.fr\/fr\/wp-json\/wp\/v2\/pages\/2806\/revisions"}],"predecessor-version":[{"id":4318,"href":"https:\/\/1001parcours.cci.fr\/fr\/wp-json\/wp\/v2\/pages\/2806\/revisions\/4318"}],"wp:attachment":[{"href":"https:\/\/1001parcours.cci.fr\/fr\/wp-json\/wp\/v2\/media?parent=2806"}],"wp:term":[{"taxonomy":"category","embeddable":true,"href":"https:\/\/1001parcours.cci.fr\/fr\/wp-json\/wp\/v2\/categories?post=2806"},{"taxonomy":"post_tag","embeddable":true,"href":"https:\/\/1001parcours.cci.fr\/fr\/wp-json\/wp\/v2\/tags?post=2806"}],"curies":[{"name":"wp","href":"https:\/\/api.w.org\/{rel}","templated":true}]}}