{"id":4618,"date":"2026-05-11T10:28:48","date_gmt":"2026-05-11T08:28:48","guid":{"rendered":"https:\/\/1001parcours.cci.fr\/fr\/?page_id=4618"},"modified":"2026-05-11T10:34:07","modified_gmt":"2026-05-11T08:34:07","slug":"conditions-generales-dutilisation","status":"publish","type":"page","link":"https:\/\/1001parcours.cci.fr\/fr\/conditions-generales-dutilisation\/","title":{"rendered":"CONDITIONS GENERALES D\u2019UTILISATION"},"content":{"rendered":"<p><div class=\"fusion-fullwidth fullwidth-box fusion-builder-row-1 fusion-flex-container has-pattern-background has-mask-background nonhundred-percent-fullwidth non-hundred-percent-height-scrolling\" style=\"--awb-border-radius-top-left:0px;--awb-border-radius-top-right:0px;--awb-border-radius-bottom-right:0px;--awb-border-radius-bottom-left:0px;--awb-padding-top:0px;--awb-padding-bottom:0px;--awb-margin-bottom:0px;--awb-background-color:#f5f5f5;--awb-flex-wrap:wrap;\" ><div class=\"fusion-builder-row fusion-row fusion-flex-align-items-flex-end fusion-flex-content-wrap\" style=\"max-width:1497.6px;margin-left: calc(-4% \/ 2 );margin-right: calc(-4% \/ 2 );\"><div class=\"fusion-layout-column fusion_builder_column fusion-builder-column-0 fusion_builder_column_1_1 1_1 fusion-flex-column fusion-flex-align-self-flex-start fusion-animated\" style=\"--awb-padding-top:40px;--awb-padding-right:40px;--awb-padding-bottom:40px;--awb-padding-left:40px;--awb-bg-color:#ffffff;--awb-bg-color-hover:#ffffff;--awb-bg-size:cover;--awb-box-shadow: 15px rgba(0,0,0,0.05);;--awb-width-large:100%;--awb-margin-top-large:0px;--awb-spacing-right-large:1.92%;--awb-margin-bottom-large:0px;--awb-spacing-left-large:1.92%;--awb-width-medium:100%;--awb-spacing-right-medium:1.92%;--awb-spacing-left-medium:1.92%;--awb-width-small:100%;--awb-spacing-right-small:1.92%;--awb-spacing-left-small:1.92%;\" data-animationType=\"fadeInRight\" data-animationDuration=\"0.8\" data-animationOffset=\"top-into-view\"><div class=\"fusion-column-wrapper fusion-column-has-shadow fusion-flex-justify-content-flex-start fusion-content-layout-column\"><div class=\"fusion-title title fusion-title-1 fusion-sep-none fusion-title-text fusion-title-size-one\" style=\"--awb-margin-bottom:20px;\"><h1 class=\"fusion-title-heading title-heading-left\" style=\"margin:0;\">Condition g\u00e9n\u00e9rale d&rsquo;utilisation<\/h1><\/div><div class=\"fusion-title title fusion-title-2 fusion-sep-none fusion-title-text fusion-title-size-five\" style=\"--awb-margin-bottom:20px;\"><h5 class=\"fusion-title-heading title-heading-left\" style=\"margin:0;\">Version en vigueur au 24 avril 2026<\/h5><\/div><\/div><\/div><\/div><\/div><div class=\"fusion-fullwidth fullwidth-box fusion-builder-row-2 fusion-flex-container nonhundred-percent-fullwidth non-hundred-percent-height-scrolling\" style=\"--awb-border-radius-top-left:0px;--awb-border-radius-top-right:0px;--awb-border-radius-bottom-right:0px;--awb-border-radius-bottom-left:0px;--awb-padding-top:0px;--awb-padding-bottom:80px;--awb-background-color:#ffffff;--awb-flex-wrap:wrap;\" ><div class=\"fusion-builder-row fusion-row fusion-flex-align-items-stretch fusion-flex-content-wrap\" style=\"max-width:1497.6px;margin-left: calc(-4% \/ 2 );margin-right: calc(-4% \/ 2 );\"><div class=\"fusion-layout-column fusion_builder_column fusion-builder-column-1 fusion_builder_column_1_2 1_2 fusion-flex-column\" style=\"--awb-padding-top:30px;--awb-padding-right:30px;--awb-padding-bottom:30px;--awb-padding-left:30px;--awb-bg-color:#f8fafc;--awb-bg-color-hover:#f8fafc;--awb-bg-size:cover;--awb-border-color:#e2e8f0;--awb-width-large:50%;--awb-margin-top-large:0px;--awb-spacing-right-large:3.84%;--awb-margin-bottom-large:20px;--awb-spacing-left-large:3.84%;--awb-width-medium:50%;--awb-spacing-right-medium:3.84%;--awb-spacing-left-medium:3.84%;--awb-width-small:100%;--awb-spacing-right-small:1.92%;--awb-spacing-left-small:1.92%;\"><div class=\"fusion-column-wrapper fusion-flex-justify-content-flex-start fusion-content-layout-column\"><div class=\"fusion-title title fusion-title-3 fusion-sep-none fusion-title-text fusion-title-size-three\" style=\"--awb-text-color:#003366;\"><h3 class=\"fusion-title-heading title-heading-left\" style=\"margin:0;\">Objet de la Plateforme<\/h3><\/div><div class=\"fusion-text fusion-text-1\"><p>La Plateforme est un service num\u00e9rique \u00e9dit\u00e9 par CCI FRANCE ayant pour objet :<\/p>\n<ul>\n<li>La mise \u00e0 disposition, l\u2019h\u00e9bergement et la diffusion de formations initiales et continues ;<\/li>\n<li>La mutualisation de ressources p\u00e9dagogiques au sein du r\u00e9seau CCI ;<\/li>\n<li>La gestion et le suivi des parcours de formation ;<\/li>\n<li>La r\u00e9alisation de tests de positionnement, d\u2019\u00e9valuations et d\u2019outils de rem\u00e9diation ;<\/li>\n<li>La mise en relation professionnelle entre Contributeurs via des fonctionnalit\u00e9s de recommandation.<\/li>\n<\/ul>\n<\/div><\/div><\/div><div class=\"fusion-layout-column fusion_builder_column fusion-builder-column-2 fusion_builder_column_1_2 1_2 fusion-flex-column\" style=\"--awb-padding-top:30px;--awb-padding-right:30px;--awb-padding-bottom:30px;--awb-padding-left:30px;--awb-bg-color:#f8fafc;--awb-bg-color-hover:#f8fafc;--awb-bg-size:cover;--awb-border-color:#e2e8f0;--awb-width-large:50%;--awb-margin-top-large:0px;--awb-spacing-right-large:3.84%;--awb-margin-bottom-large:20px;--awb-spacing-left-large:3.84%;--awb-width-medium:50%;--awb-spacing-right-medium:3.84%;--awb-spacing-left-medium:3.84%;--awb-width-small:100%;--awb-spacing-right-small:1.92%;--awb-spacing-left-small:1.92%;\"><div class=\"fusion-column-wrapper fusion-flex-justify-content-flex-start fusion-content-layout-column\"><div class=\"fusion-title title fusion-title-4 fusion-sep-none fusion-title-text fusion-title-size-three\" style=\"--awb-text-color:#003366;\"><h3 class=\"fusion-title-heading title-heading-left\" style=\"margin:0;\">Pr\u00e9requis Techniques<\/h3><\/div><div class=\"fusion-text fusion-text-2\"><p>L\u2019Utilisateur s\u2019engage \u00e0 respecter les pr\u00e9requis techniques suivants :<\/p>\n<ul>\n<li><strong>Navigateurs compatibles :<\/strong> Microsoft Edge, Chrome (v37+), Firefox (v47+), Opera (v33+), Safari (OS X 10.10+).<\/li>\n<li><strong>S\u00e9curit\u00e9 r\u00e9seau :<\/strong> l\u2019Utilisateur doit s\u2019assurer que son r\u00e9seau et ses postes permettent l\u2019utilisation du protocole HTTPS via TLS 1.2.<\/li>\n<\/ul>\n<\/div><\/div><\/div><\/div><\/div><div class=\"fusion-fullwidth fullwidth-box fusion-builder-row-3 fusion-flex-container nonhundred-percent-fullwidth non-hundred-percent-height-scrolling\" style=\"--awb-border-radius-top-left:0px;--awb-border-radius-top-right:0px;--awb-border-radius-bottom-right:0px;--awb-border-radius-bottom-left:0px;--awb-padding-top:60px;--awb-padding-bottom:60px;--awb-background-color:#f1f5f9;--awb-flex-wrap:wrap;\" ><div class=\"fusion-builder-row fusion-row fusion-flex-align-items-flex-start fusion-flex-content-wrap\" style=\"max-width:1497.6px;margin-left: calc(-4% \/ 2 );margin-right: calc(-4% \/ 2 );\"><div class=\"fusion-layout-column fusion_builder_column fusion-builder-column-3 fusion_builder_column_1_1 1_1 fusion-flex-column\" style=\"--awb-bg-blend:overlay;--awb-bg-size:cover;--awb-width-large:100%;--awb-margin-top-large:0px;--awb-spacing-right-large:1.92%;--awb-margin-bottom-large:20px;--awb-spacing-left-large:1.92%;--awb-width-medium:100%;--awb-spacing-right-medium:1.92%;--awb-spacing-left-medium:1.92%;--awb-width-small:100%;--awb-spacing-right-small:1.92%;--awb-spacing-left-small:1.92%;\"><div class=\"fusion-column-wrapper fusion-flex-justify-content-flex-start fusion-content-layout-column\"><div class=\"fusion-title title fusion-title-5 fusion-sep-none fusion-title-center fusion-title-text fusion-title-size-two\" style=\"--awb-text-color:#003366;\"><h2 class=\"fusion-title-heading title-heading-center\" style=\"margin:0;\">D\u00e9finitions des Utilisateurs<\/h2><\/div><\/div><\/div><div class=\"fusion-layout-column fusion_builder_column fusion-builder-column-4 fusion_builder_column_1_4 1_4 fusion-flex-column\" style=\"--awb-bg-blend:overlay;--awb-bg-size:cover;--awb-width-large:25%;--awb-margin-top-large:0px;--awb-spacing-right-large:7.68%;--awb-margin-bottom-large:20px;--awb-spacing-left-large:7.68%;--awb-width-medium:25%;--awb-spacing-right-medium:7.68%;--awb-spacing-left-medium:7.68%;--awb-width-small:100%;--awb-spacing-right-small:1.92%;--awb-spacing-left-small:1.92%;\"><div class=\"fusion-column-wrapper fusion-flex-justify-content-flex-start fusion-content-layout-column\"><div class=\"fusion-title title fusion-title-6 fusion-sep-none fusion-title-text fusion-title-size-four\"><h4 class=\"fusion-title-heading title-heading-left\" style=\"margin:0;\">Apprenant<\/h4><\/div><div class=\"fusion-text fusion-text-3\"><p>Toute personne physique inscrite \u00e0 une formation b\u00e9n\u00e9ficiant d\u2019un acc\u00e8s aux contenus, outils de suivi, \u00e9valuations et attestations (\u00ab Open Badges \u00bb).<\/p>\n<\/div><\/div><\/div><div class=\"fusion-layout-column fusion_builder_column fusion-builder-column-5 fusion_builder_column_1_4 1_4 fusion-flex-column\" style=\"--awb-bg-blend:overlay;--awb-bg-size:cover;--awb-width-large:25%;--awb-margin-top-large:0px;--awb-spacing-right-large:7.68%;--awb-margin-bottom-large:20px;--awb-spacing-left-large:7.68%;--awb-width-medium:25%;--awb-spacing-right-medium:7.68%;--awb-spacing-left-medium:7.68%;--awb-width-small:100%;--awb-spacing-right-small:1.92%;--awb-spacing-left-small:1.92%;\"><div class=\"fusion-column-wrapper fusion-flex-justify-content-flex-start fusion-content-layout-column\"><div class=\"fusion-title title fusion-title-7 fusion-sep-none fusion-title-text fusion-title-size-four\"><h4 class=\"fusion-title-heading title-heading-left\" style=\"margin:0;\">Candidat<\/h4><\/div><div class=\"fusion-text fusion-text-4\"><p>Toute personne physique ayant cr\u00e9\u00e9 un compte afin d\u2019effectuer un test de positionnement ou s\u2019informer sur une formation.<\/p>\n<\/div><\/div><\/div><div class=\"fusion-layout-column fusion_builder_column fusion-builder-column-6 fusion_builder_column_1_4 1_4 fusion-flex-column\" style=\"--awb-bg-blend:overlay;--awb-bg-size:cover;--awb-width-large:25%;--awb-margin-top-large:0px;--awb-spacing-right-large:7.68%;--awb-margin-bottom-large:20px;--awb-spacing-left-large:7.68%;--awb-width-medium:25%;--awb-spacing-right-medium:7.68%;--awb-spacing-left-medium:7.68%;--awb-width-small:100%;--awb-spacing-right-small:1.92%;--awb-spacing-left-small:1.92%;\"><div class=\"fusion-column-wrapper fusion-flex-justify-content-flex-start fusion-content-layout-column\"><div class=\"fusion-title title fusion-title-8 fusion-sep-none fusion-title-text fusion-title-size-four\"><h4 class=\"fusion-title-heading title-heading-left\" style=\"margin:0;\">Formateur<\/h4><\/div><div class=\"fusion-text fusion-text-5\"><p>Autoris\u00e9 \u00e0 consulter et t\u00e9l\u00e9charger des Contenus exclusivement pour dispenser des formations, sans pouvoir les modifier.<\/p>\n<\/div><\/div><\/div><div class=\"fusion-layout-column fusion_builder_column fusion-builder-column-7 fusion_builder_column_1_4 1_4 fusion-flex-column\" style=\"--awb-bg-blend:overlay;--awb-bg-size:cover;--awb-width-large:25%;--awb-margin-top-large:0px;--awb-spacing-right-large:7.68%;--awb-margin-bottom-large:20px;--awb-spacing-left-large:7.68%;--awb-width-medium:25%;--awb-spacing-right-medium:7.68%;--awb-spacing-left-medium:7.68%;--awb-width-small:100%;--awb-spacing-right-small:1.92%;--awb-spacing-left-small:1.92%;\"><div class=\"fusion-column-wrapper fusion-flex-justify-content-flex-start fusion-content-layout-column\"><div class=\"fusion-title title fusion-title-9 fusion-sep-none fusion-title-text fusion-title-size-four\"><h4 class=\"fusion-title-heading title-heading-left\" style=\"margin:0;\">Contributeur<\/h4><\/div><div class=\"fusion-text fusion-text-6\"><p>Autoris\u00e9 \u00e0 cr\u00e9er, publier, modifier, mutualiser ou coconstruire des Contenus p\u00e9dagogiques sur la Plateforme.<\/p>\n<\/div><\/div><\/div><\/div><\/div><div class=\"fusion-fullwidth fullwidth-box fusion-builder-row-4 fusion-flex-container nonhundred-percent-fullwidth non-hundred-percent-height-scrolling\" style=\"--awb-border-radius-top-left:0px;--awb-border-radius-top-right:0px;--awb-border-radius-bottom-right:0px;--awb-border-radius-bottom-left:0px;--awb-padding-top:80px;--awb-padding-bottom:80px;--awb-background-color:#ffffff;--awb-flex-wrap:wrap;\" ><div class=\"fusion-builder-row fusion-row fusion-flex-align-items-flex-start fusion-flex-content-wrap\" style=\"max-width:1497.6px;margin-left: calc(-4% \/ 2 );margin-right: calc(-4% \/ 2 );\"><div class=\"fusion-layout-column fusion_builder_column fusion-builder-column-8 fusion_builder_column_1_1 1_1 fusion-flex-column\" style=\"--awb-bg-blend:overlay;--awb-bg-size:cover;--awb-width-large:100%;--awb-margin-top-large:0px;--awb-spacing-right-large:1.92%;--awb-margin-bottom-large:20px;--awb-spacing-left-large:1.92%;--awb-width-medium:100%;--awb-spacing-right-medium:1.92%;--awb-spacing-left-medium:1.92%;--awb-width-small:100%;--awb-spacing-right-small:1.92%;--awb-spacing-left-small:1.92%;\"><div class=\"fusion-column-wrapper fusion-flex-justify-content-flex-start fusion-content-layout-column\"><div class=\"fusion-title title fusion-title-10 fusion-sep-none fusion-title-text fusion-title-size-two\" style=\"--awb-text-color:#003366;\"><h2 class=\"fusion-title-heading title-heading-left\" style=\"margin:0;\">Propri\u00e9t\u00e9 Intellectuelle et Licences<\/h2><\/div><div class=\"fusion-text fusion-text-7\"><p>Tous les \u00e9l\u00e9ments constitutifs de la Plateforme (logiciels, code source, architecture, etc.) sont la propri\u00e9t\u00e9 exclusive de CCI FRANCE.<\/p>\n<p><strong>Licences Creative Commons (Art. 15) :<\/strong><br \/>\nLe Contributeur choisit entre :<\/p>\n<ul>\n<li><strong>Licence CC BY :<\/strong> Permet de distribuer, adapter et cr\u00e9er \u00e0 partir du Contenu, y compris pour une utilisation commerciale, \u00e0 condition de mentionner l&rsquo;auteur.<\/li>\n<li><strong>Licence CC BY-SA :<\/strong> Permet de distribuer, adapter et cr\u00e9er \u00e0 partir du Contenu \u00e0 condition de mentionner l&rsquo;auteur et de diffuser le contenu modifi\u00e9 sous une licence identique.<\/li>\n<\/ul>\n<\/div><div class=\"fusion-text fusion-text-8\" style=\"--awb-text-color:#ffffff;\"><p>Pour toute r\u00e9clamation ou signalement : <strong>1001parcours@ccifrance.fr<\/strong><\/p>\n<\/div><\/div><\/div><\/div><\/div><\/p>\n","protected":false},"excerpt":{"rendered":"","protected":false},"author":67,"featured_media":0,"parent":0,"menu_order":0,"comment_status":"closed","ping_status":"closed","template":"","meta":{"footnotes":""},"categories":[],"tags":[],"class_list":["post-4618","page","type-page","status-publish","hentry"],"yoast_head":"<!-- This site is optimized with the Yoast SEO plugin v27.5 - https:\/\/yoast.com\/product\/yoast-seo-wordpress\/ -->\n<title>CONDITIONS GENERALES D\u2019UTILISATION - 1001 Parcours<\/title>\n<meta name=\"robots\" content=\"index, follow, max-snippet:-1, max-image-preview:large, max-video-preview:-1\" \/>\n<link rel=\"canonical\" href=\"https:\/\/1001parcours.cci.fr\/fr\/conditions-generales-dutilisation\/\" \/>\n<meta property=\"og:locale\" content=\"fr_FR\" \/>\n<meta property=\"og:type\" content=\"article\" \/>\n<meta property=\"og:title\" content=\"CONDITIONS GENERALES D\u2019UTILISATION - 1001 Parcours\" \/>\n<meta property=\"og:url\" content=\"https:\/\/1001parcours.cci.fr\/fr\/conditions-generales-dutilisation\/\" \/>\n<meta property=\"og:site_name\" content=\"1001 Parcours\" \/>\n<meta property=\"article:modified_time\" content=\"2026-05-11T08:34:07+00:00\" \/>\n<meta name=\"twitter:card\" content=\"summary_large_image\" \/>\n<meta name=\"twitter:label1\" content=\"Dur\u00e9e de lecture estim\u00e9e\" \/>\n\t<meta name=\"twitter:data1\" content=\"2 minutes\" \/>\n<script type=\"application\/ld+json\" class=\"yoast-schema-graph\">{\"@context\":\"https:\\\/\\\/schema.org\",\"@graph\":[{\"@type\":\"WebPage\",\"@id\":\"https:\\\/\\\/1001parcours.cci.fr\\\/fr\\\/conditions-generales-dutilisation\\\/\",\"url\":\"https:\\\/\\\/1001parcours.cci.fr\\\/fr\\\/conditions-generales-dutilisation\\\/\",\"name\":\"CONDITIONS GENERALES D\u2019UTILISATION - 1001 Parcours\",\"isPartOf\":{\"@id\":\"https:\\\/\\\/1001parcours.cci.fr\\\/fr\\\/#website\"},\"datePublished\":\"2026-05-11T08:28:48+00:00\",\"dateModified\":\"2026-05-11T08:34:07+00:00\",\"breadcrumb\":{\"@id\":\"https:\\\/\\\/1001parcours.cci.fr\\\/fr\\\/conditions-generales-dutilisation\\\/#breadcrumb\"},\"inLanguage\":\"fr-FR\",\"potentialAction\":[{\"@type\":\"ReadAction\",\"target\":[\"https:\\\/\\\/1001parcours.cci.fr\\\/fr\\\/conditions-generales-dutilisation\\\/\"]}]},{\"@type\":\"BreadcrumbList\",\"@id\":\"https:\\\/\\\/1001parcours.cci.fr\\\/fr\\\/conditions-generales-dutilisation\\\/#breadcrumb\",\"itemListElement\":[{\"@type\":\"ListItem\",\"position\":1,\"name\":\"Accueil\",\"item\":\"https:\\\/\\\/1001parcours.cci.fr\\\/fr\\\/\"},{\"@type\":\"ListItem\",\"position\":2,\"name\":\"CONDITIONS GENERALES D\u2019UTILISATION\"}]},{\"@type\":\"WebSite\",\"@id\":\"https:\\\/\\\/1001parcours.cci.fr\\\/fr\\\/#website\",\"url\":\"https:\\\/\\\/1001parcours.cci.fr\\\/fr\\\/\",\"name\":\"1001 Parcours\",\"description\":\"Entrer dans le monde de la formation de demain\",\"potentialAction\":[{\"@type\":\"SearchAction\",\"target\":{\"@type\":\"EntryPoint\",\"urlTemplate\":\"https:\\\/\\\/1001parcours.cci.fr\\\/fr\\\/?s={search_term_string}\"},\"query-input\":{\"@type\":\"PropertyValueSpecification\",\"valueRequired\":true,\"valueName\":\"search_term_string\"}}],\"inLanguage\":\"fr-FR\"}]}<\/script>\n<!-- \/ Yoast SEO plugin. -->","yoast_head_json":{"title":"CONDITIONS GENERALES D\u2019UTILISATION - 1001 Parcours","robots":{"index":"index","follow":"follow","max-snippet":"max-snippet:-1","max-image-preview":"max-image-preview:large","max-video-preview":"max-video-preview:-1"},"canonical":"https:\/\/1001parcours.cci.fr\/fr\/conditions-generales-dutilisation\/","og_locale":"fr_FR","og_type":"article","og_title":"CONDITIONS GENERALES D\u2019UTILISATION - 1001 Parcours","og_url":"https:\/\/1001parcours.cci.fr\/fr\/conditions-generales-dutilisation\/","og_site_name":"1001 Parcours","article_modified_time":"2026-05-11T08:34:07+00:00","twitter_card":"summary_large_image","twitter_misc":{"Dur\u00e9e de lecture estim\u00e9e":"2 minutes"},"schema":{"@context":"https:\/\/schema.org","@graph":[{"@type":"WebPage","@id":"https:\/\/1001parcours.cci.fr\/fr\/conditions-generales-dutilisation\/","url":"https:\/\/1001parcours.cci.fr\/fr\/conditions-generales-dutilisation\/","name":"CONDITIONS GENERALES D\u2019UTILISATION - 1001 Parcours","isPartOf":{"@id":"https:\/\/1001parcours.cci.fr\/fr\/#website"},"datePublished":"2026-05-11T08:28:48+00:00","dateModified":"2026-05-11T08:34:07+00:00","breadcrumb":{"@id":"https:\/\/1001parcours.cci.fr\/fr\/conditions-generales-dutilisation\/#breadcrumb"},"inLanguage":"fr-FR","potentialAction":[{"@type":"ReadAction","target":["https:\/\/1001parcours.cci.fr\/fr\/conditions-generales-dutilisation\/"]}]},{"@type":"BreadcrumbList","@id":"https:\/\/1001parcours.cci.fr\/fr\/conditions-generales-dutilisation\/#breadcrumb","itemListElement":[{"@type":"ListItem","position":1,"name":"Accueil","item":"https:\/\/1001parcours.cci.fr\/fr\/"},{"@type":"ListItem","position":2,"name":"CONDITIONS GENERALES D\u2019UTILISATION"}]},{"@type":"WebSite","@id":"https:\/\/1001parcours.cci.fr\/fr\/#website","url":"https:\/\/1001parcours.cci.fr\/fr\/","name":"1001 Parcours","description":"Entrer dans le monde de la formation de demain","potentialAction":[{"@type":"SearchAction","target":{"@type":"EntryPoint","urlTemplate":"https:\/\/1001parcours.cci.fr\/fr\/?s={search_term_string}"},"query-input":{"@type":"PropertyValueSpecification","valueRequired":true,"valueName":"search_term_string"}}],"inLanguage":"fr-FR"}]}},"_links":{"self":[{"href":"https:\/\/1001parcours.cci.fr\/fr\/wp-json\/wp\/v2\/pages\/4618","targetHints":{"allow":["GET"]}}],"collection":[{"href":"https:\/\/1001parcours.cci.fr\/fr\/wp-json\/wp\/v2\/pages"}],"about":[{"href":"https:\/\/1001parcours.cci.fr\/fr\/wp-json\/wp\/v2\/types\/page"}],"author":[{"embeddable":true,"href":"https:\/\/1001parcours.cci.fr\/fr\/wp-json\/wp\/v2\/users\/67"}],"replies":[{"embeddable":true,"href":"https:\/\/1001parcours.cci.fr\/fr\/wp-json\/wp\/v2\/comments?post=4618"}],"version-history":[{"count":8,"href":"https:\/\/1001parcours.cci.fr\/fr\/wp-json\/wp\/v2\/pages\/4618\/revisions"}],"predecessor-version":[{"id":4626,"href":"https:\/\/1001parcours.cci.fr\/fr\/wp-json\/wp\/v2\/pages\/4618\/revisions\/4626"}],"wp:attachment":[{"href":"https:\/\/1001parcours.cci.fr\/fr\/wp-json\/wp\/v2\/media?parent=4618"}],"wp:term":[{"taxonomy":"category","embeddable":true,"href":"https:\/\/1001parcours.cci.fr\/fr\/wp-json\/wp\/v2\/categories?post=4618"},{"taxonomy":"post_tag","embeddable":true,"href":"https:\/\/1001parcours.cci.fr\/fr\/wp-json\/wp\/v2\/tags?post=4618"}],"curies":[{"name":"wp","href":"https:\/\/api.w.org\/{rel}","templated":true}]}}